{"id":9983,"date":"2021-03-06T13:45:21","date_gmt":"2021-03-06T13:45:21","guid":{"rendered":"https:\/\/rodrigocantero.es\/politica-privacidad\/"},"modified":"2026-03-03T09:36:52","modified_gmt":"2026-03-03T09:36:52","slug":"politica-privacidad","status":"publish","type":"page","link":"https:\/\/rodrigocantero.es\/fr\/politica-privacidad\/","title":{"rendered":"Politique de confidentialit\u00e9"},"content":{"rendered":"\t\t<div data-elementor-type=\"wp-page\" data-elementor-id=\"9983\" class=\"elementor elementor-9983 elementor-3\">\n\t\t\t\t<div class=\"elementor-element elementor-element-1888b603 e-flex e-con-boxed e-con e-parent\" data-id=\"1888b603\" data-element_type=\"container\" data-e-type=\"container\">\n\t\t\t\t\t<div class=\"e-con-inner\">\n\t\t\t\t<div class=\"elementor-element elementor-element-8061601 elementor-widget elementor-widget-text-editor\" data-id=\"8061601\" data-element_type=\"widget\" data-e-type=\"widget\" data-widget_type=\"text-editor.default\">\n\t\t\t\t<div class=\"elementor-widget-container\">\n\t\t\t\t\t\t\t\t\t<p style=\"text-align: justify;\"><strong>1. Informations pour les utilisateurs<\/strong><\/p>\n<p style=\"text-align: justify;\">Chez FQS Battery, nous accordons la priorit\u00e9 \u00e0 la protection des donn\u00e9es personnelles des utilisateurs qui acc\u00e8dent \u00e0 nos services via notre site web. Conform\u00e9ment au R\u00e8glement (UE) 2016\/679 (RGPD) et \u00e0 la Loi organique 3\/2018 (LOPDGDD), cette Politique de confidentialit\u00e9 (ci-apr\u00e8s, la \u00ab Politique \u00bb) d\u00e9crit comment FQS Battery, en qualit\u00e9 de responsable du traitement, g\u00e8re les donn\u00e9es personnelles collect\u00e9es sur son site. La finalit\u00e9 exclusive de la collecte de donn\u00e9es est de faciliter la prestation de nos services. En acceptant cette Politique, l\u2019utilisateur consent au traitement de ses donn\u00e9es personnelles conform\u00e9ment aux termes d\u00e9crits ici.   <\/p>\n<p style=\"text-align: justify;\"><strong>2. Informations de contact<\/strong><\/p>\n<ul>\n<li style=\"text-align: justify;\"><strong>Raison sociale<\/strong> : Freedom Quality Services S.L.<\/li>\n<li style=\"text-align: justify;\"><strong>CIF<\/strong> : B91870618<\/li>\n<li style=\"text-align: justify;\"><strong>T\u00e9l\u00e9phone<\/strong> : 954 518 882<\/li>\n<li style=\"text-align: justify;\"><strong>Adresse<\/strong> : Pol\u00edgono Industrial La Negrilla, Calle Laminadora 36, 41016 S\u00e9ville<\/li>\n<li style=\"text-align: justify;\"><strong>E-mail<\/strong> : fqs@fqsbattery.com<\/li>\n<\/ul>\n<p style=\"text-align: justify;\"><strong>3. Finalit\u00e9s du traitement des donn\u00e9es<\/strong><\/p>\n<p style=\"text-align: justify;\">Les donn\u00e9es personnelles fournies via le site web seront int\u00e9gr\u00e9es \u00e0 un fichier appartenant \u00e0 FQS Battery, avec les finalit\u00e9s suivantes :<\/p>\n<ul>\n<li style=\"text-align: justify;\">G\u00e9rer et r\u00e9pondre aux demandes, suggestions, commentaires ou questions concernant nos services.<\/li>\n<li style=\"text-align: justify;\">Envoyer des communications commerciales pour proposer des informations sur les activit\u00e9s, les nouveaut\u00e9s et les services d\u2019int\u00e9r\u00eat.<\/li>\n<li style=\"text-align: justify;\">Envoyer des newsletters susceptibles d\u2019int\u00e9resser les utilisateurs.<\/li>\n<li style=\"text-align: justify;\">Aucune donn\u00e9e ne sera partag\u00e9e avec des tiers et aucune information collect\u00e9e ne sera commercialis\u00e9e.<\/li>\n<\/ul>\n<p style=\"text-align: justify;\"><strong>4. L\u00e9gitimation du traitement<\/strong><\/p>\n<p style=\"text-align: justify;\">La base l\u00e9gale du traitement des donn\u00e9es est le consentement accord\u00e9 par les utilisateurs lors de la demande d\u2019informations ou de consultations sur nos services, ainsi que pour l\u2019envoi de communications commerciales par FQS Battery.<\/p>\n<p style=\"text-align: justify;\"><strong>5. Collecte de donn\u00e9es<\/strong><\/p>\n<p style=\"text-align: justify;\">FQS Battery obtient des donn\u00e9es \u00e0 caract\u00e8re personnel via les formulaires de contact de son site web, <a href=\"https:\/\/rodrigocantero.es\/fr\/\" target=\"_new\">www.fqsbattery.com<\/a>. Les donn\u00e9es collect\u00e9es comprennent des informations d\u2019identification et, de mani\u00e8re automatique, des donn\u00e9es sur votre visite du site (voir la <a href=\"https:\/\/rodrigocantero.es\/politica-cookies\/\">Politique de cookies<\/a> pour plus de d\u00e9tails). <\/p>\n<p style=\"text-align: justify;\"><strong>6. Conservation des donn\u00e9es<\/strong><\/p>\n<p style=\"text-align: justify;\">Les donn\u00e9es personnelles seront conserv\u00e9es tant qu\u2019elles seront n\u00e9cessaires aux finalit\u00e9s sp\u00e9cifi\u00e9es. Si un utilisateur r\u00e9silie ses contrats ou services, il disposera des options suivantes : <\/p>\n<ul>\n<li style=\"text-align: justify;\"><strong>Maintenir le consentement pour les actions commerciales<\/strong> : les informations continueront d\u2019\u00eatre utilis\u00e9es pour des communications commerciales si le consentement n\u2019est pas r\u00e9voqu\u00e9.<\/li>\n<li style=\"text-align: justify;\"><strong>R\u00e9voquer le consentement pour les actions commerciales<\/strong> : en cas de r\u00e9vocation, FQS Battery bloquera les donn\u00e9es, ce qui signifie qu\u2019elles ne seront plus disponibles, sauf pour r\u00e9pondre \u00e0 des obligations l\u00e9gales et traiter d\u2019\u00e9ventuelles responsabilit\u00e9s li\u00e9es au traitement des donn\u00e9es. Les donn\u00e9es bloqu\u00e9es seront conserv\u00e9es pendant la p\u00e9riode \u00e9tablie par la l\u00e9gislation applicable et seront supprim\u00e9es une fois ce d\u00e9lai expir\u00e9. <\/li>\n<\/ul>\n<p style=\"text-align: justify;\"><strong>7. Destinataires<\/strong><\/p>\n<p style=\"text-align: justify;\">Aucune cession de donn\u00e9es personnelles \u00e0 des tiers ne sera effectu\u00e9e, sauf disposition l\u00e9gale l\u2019autorisant ou l\u2019exigeant. Aucun transfert international de donn\u00e9es ne sera effectu\u00e9 non plus. <\/p>\n<p style=\"text-align: justify;\"><strong>8. Droits de l\u2019utilisateur<\/strong><\/p>\n<p style=\"text-align: justify;\">L\u2019utilisateur pourra exercer, \u00e0 tout moment, les droits suivants concernant le traitement de ses donn\u00e9es personnelles en contactant FQS Battery :<\/p>\n<ul>\n<li style=\"text-align: justify;\"><strong>Droit d\u2019acc\u00e8s<\/strong> : savoir quelles donn\u00e9es personnelles nous traitons.<\/li>\n<li style=\"text-align: justify;\"><strong>Droit de rectification<\/strong> : demander la modification de donn\u00e9es inexactes ou incompl\u00e8tes.<\/li>\n<li style=\"text-align: justify;\"><strong>Droit de suppression<\/strong> : demander la suppression des donn\u00e9es lorsqu\u2019elles ne sont plus n\u00e9cessaires.<\/li>\n<li style=\"text-align: justify;\"><strong>Droit \u00e0 la limitation du traitement<\/strong> : restreindre le traitement de ses donn\u00e9es personnelles dans certaines circonstances.<\/li>\n<li style=\"text-align: justify;\"><strong>Droit d\u2019opposition<\/strong> : s\u2019opposer au traitement de ses donn\u00e9es \u00e0 des fins sp\u00e9cifiques, telles que le marketing direct.<\/li>\n<li style=\"text-align: justify;\"><strong>Droit \u00e0 la portabilit\u00e9 des donn\u00e9es<\/strong> : recevoir ses donn\u00e9es personnelles dans un format structur\u00e9 et d\u2019usage courant.<\/li>\n<\/ul>\n<p style=\"text-align: justify;\">Pour l\u2019exercice de ces droits, l\u2019utilisateur peut envoyer une demande \u00e0 l\u2019adresse e-mail fqs@fqsbattery.com ou \u00e0 l\u2019adresse indiqu\u00e9e au point 2 de cette Politique.<\/p>\n<p style=\"text-align: justify;\"><strong>9. Modifications de la Politique de confidentialit\u00e9<\/strong><\/p>\n<p style=\"text-align: justify;\">FQS Battery se r\u00e9serve le droit de mettre \u00e0 jour cette Politique de confidentialit\u00e9 \u00e0 tout moment. Les mises \u00e0 jour seront publi\u00e9es sur ce site web, et tout changement significatif pouvant affecter la mani\u00e8re dont nous traitons les donn\u00e9es personnelles des utilisateurs sera communiqu\u00e9. <\/p>\n\t\t\t\t\t\t\t\t<\/div>\n\t\t\t\t<\/div>\n\t\t\t\t\t<\/div>\n\t\t\t\t<\/div>\n\t\t\t\t<\/div>\n\t\t","protected":false},"excerpt":{"rendered":"<p>1. Informations pour les utilisateurs Chez FQS Battery, nous accordons la priorit\u00e9 \u00e0 la protection des donn\u00e9es personnelles des utilisateurs qui acc\u00e8dent \u00e0 nos services via notre site web. Conform\u00e9ment au R\u00e8glement (UE) 2016\/679 (RGPD) et \u00e0 la Loi organique&hellip;<\/p>\n","protected":false},"author":3,"featured_media":0,"parent":0,"menu_order":0,"comment_status":"closed","ping_status":"closed","template":"","meta":{"footnotes":""},"class_list":["post-9983","page","type-page","status-publish","hentry"],"yoast_head":"<!-- This site is optimized with the Yoast SEO plugin v27.2 - https:\/\/yoast.com\/product\/yoast-seo-wordpress\/ -->\n<title>Politique de confidentialit\u00e9 - FQS BATTERY<\/title>\n<meta name=\"robots\" content=\"index, follow, max-snippet:-1, max-image-preview:large, max-video-preview:-1\" \/>\n<link rel=\"canonical\" href=\"https:\/\/rodrigocantero.es\/fr\/politica-privacidad\/\" \/>\n<meta property=\"og:locale\" content=\"fr_FR\" \/>\n<meta property=\"og:type\" content=\"article\" \/>\n<meta property=\"og:title\" content=\"Politique de confidentialit\u00e9 - FQS BATTERY\" \/>\n<meta property=\"og:description\" content=\"1. Informations pour les utilisateurs Chez FQS Battery, nous accordons la priorit\u00e9 \u00e0 la protection des donn\u00e9es personnelles des utilisateurs qui acc\u00e8dent \u00e0 nos services via notre site web. Conform\u00e9ment au R\u00e8glement (UE) 2016\/679 (RGPD) et \u00e0 la Loi organique&hellip;\" \/>\n<meta property=\"og:url\" content=\"https:\/\/rodrigocantero.es\/fr\/politica-privacidad\/\" \/>\n<meta property=\"og:site_name\" content=\"FQS BATTERY\" \/>\n<meta property=\"article:publisher\" content=\"https:\/\/www.facebook.com\/fqsbattery\/\" \/>\n<meta property=\"article:modified_time\" content=\"2026-03-03T09:36:52+00:00\" \/>\n<meta property=\"og:image\" content=\"https:\/\/rodrigocantero.es\/wp-content\/uploads\/2024\/10\/WEB.jpg\" \/>\n\t<meta property=\"og:image:width\" content=\"1200\" \/>\n\t<meta property=\"og:image:height\" content=\"675\" \/>\n\t<meta property=\"og:image:type\" content=\"image\/jpeg\" \/>\n<meta name=\"twitter:card\" content=\"summary_large_image\" \/>\n<meta name=\"twitter:label1\" content=\"Dur\u00e9e de lecture estim\u00e9e\" \/>\n\t<meta name=\"twitter:data1\" content=\"4 minutes\" \/>\n<script type=\"application\/ld+json\" class=\"yoast-schema-graph\">{\"@context\":\"https:\/\/schema.org\",\"@graph\":[{\"@type\":\"WebPage\",\"@id\":\"https:\/\/rodrigocantero.es\/fr\/politica-privacidad\/\",\"url\":\"https:\/\/rodrigocantero.es\/fr\/politica-privacidad\/\",\"name\":\"Politique de confidentialit\u00e9 - FQS BATTERY\",\"isPartOf\":{\"@id\":\"https:\/\/rodrigocantero.es\/fr\/#website\"},\"datePublished\":\"2021-03-06T13:45:21+00:00\",\"dateModified\":\"2026-03-03T09:36:52+00:00\",\"breadcrumb\":{\"@id\":\"https:\/\/rodrigocantero.es\/fr\/politica-privacidad\/#breadcrumb\"},\"inLanguage\":\"fr-FR\",\"potentialAction\":[{\"@type\":\"ReadAction\",\"target\":[\"https:\/\/rodrigocantero.es\/fr\/politica-privacidad\/\"]}]},{\"@type\":\"BreadcrumbList\",\"@id\":\"https:\/\/rodrigocantero.es\/fr\/politica-privacidad\/#breadcrumb\",\"itemListElement\":[{\"@type\":\"ListItem\",\"position\":1,\"name\":\"Home\",\"item\":\"https:\/\/rodrigocantero.es\/fr\/\"},{\"@type\":\"ListItem\",\"position\":2,\"name\":\"Politique de confidentialit\u00e9\"}]},{\"@type\":\"WebSite\",\"@id\":\"https:\/\/rodrigocantero.es\/fr\/#website\",\"url\":\"https:\/\/rodrigocantero.es\/fr\/\",\"name\":\"FQS BATTERY\",\"description\":\"Energ\u00eda para todo tipo de aplicaciones\",\"publisher\":{\"@id\":\"https:\/\/rodrigocantero.es\/fr\/#organization\"},\"potentialAction\":[{\"@type\":\"SearchAction\",\"target\":{\"@type\":\"EntryPoint\",\"urlTemplate\":\"https:\/\/rodrigocantero.es\/fr\/?s={search_term_string}\"},\"query-input\":{\"@type\":\"PropertyValueSpecification\",\"valueRequired\":true,\"valueName\":\"search_term_string\"}}],\"inLanguage\":\"fr-FR\"},{\"@type\":\"Organization\",\"@id\":\"https:\/\/rodrigocantero.es\/fr\/#organization\",\"name\":\"FQS BATTERY\",\"url\":\"https:\/\/rodrigocantero.es\/fr\/\",\"logo\":{\"@type\":\"ImageObject\",\"inLanguage\":\"fr-FR\",\"@id\":\"https:\/\/rodrigocantero.es\/fr\/#\/schema\/logo\/image\/\",\"url\":\"https:\/\/rodrigocantero.es\/wp-content\/uploads\/2024\/08\/cropped-fqs-favicon.jpg\",\"contentUrl\":\"https:\/\/rodrigocantero.es\/wp-content\/uploads\/2024\/08\/cropped-fqs-favicon.jpg\",\"width\":512,\"height\":512,\"caption\":\"FQS BATTERY\"},\"image\":{\"@id\":\"https:\/\/rodrigocantero.es\/fr\/#\/schema\/logo\/image\/\"},\"sameAs\":[\"https:\/\/www.facebook.com\/fqsbattery\/\",\"https:\/\/www.linkedin.com\/company\/72671029\/\",\"https:\/\/www.instagram.com\/fqsbattery\/\"]}]}<\/script>\n<!-- \/ Yoast SEO plugin. -->","yoast_head_json":{"title":"Politique de confidentialit\u00e9 - FQS BATTERY","robots":{"index":"index","follow":"follow","max-snippet":"max-snippet:-1","max-image-preview":"max-image-preview:large","max-video-preview":"max-video-preview:-1"},"canonical":"https:\/\/rodrigocantero.es\/fr\/politica-privacidad\/","og_locale":"fr_FR","og_type":"article","og_title":"Politique de confidentialit\u00e9 - FQS BATTERY","og_description":"1. Informations pour les utilisateurs Chez FQS Battery, nous accordons la priorit\u00e9 \u00e0 la protection des donn\u00e9es personnelles des utilisateurs qui acc\u00e8dent \u00e0 nos services via notre site web. Conform\u00e9ment au R\u00e8glement (UE) 2016\/679 (RGPD) et \u00e0 la Loi organique&hellip;","og_url":"https:\/\/rodrigocantero.es\/fr\/politica-privacidad\/","og_site_name":"FQS BATTERY","article_publisher":"https:\/\/www.facebook.com\/fqsbattery\/","article_modified_time":"2026-03-03T09:36:52+00:00","og_image":[{"width":1200,"height":675,"url":"https:\/\/rodrigocantero.es\/wp-content\/uploads\/2024\/10\/WEB.jpg","type":"image\/jpeg"}],"twitter_card":"summary_large_image","twitter_misc":{"Dur\u00e9e de lecture estim\u00e9e":"4 minutes"},"schema":{"@context":"https:\/\/schema.org","@graph":[{"@type":"WebPage","@id":"https:\/\/rodrigocantero.es\/fr\/politica-privacidad\/","url":"https:\/\/rodrigocantero.es\/fr\/politica-privacidad\/","name":"Politique de confidentialit\u00e9 - FQS BATTERY","isPartOf":{"@id":"https:\/\/rodrigocantero.es\/fr\/#website"},"datePublished":"2021-03-06T13:45:21+00:00","dateModified":"2026-03-03T09:36:52+00:00","breadcrumb":{"@id":"https:\/\/rodrigocantero.es\/fr\/politica-privacidad\/#breadcrumb"},"inLanguage":"fr-FR","potentialAction":[{"@type":"ReadAction","target":["https:\/\/rodrigocantero.es\/fr\/politica-privacidad\/"]}]},{"@type":"BreadcrumbList","@id":"https:\/\/rodrigocantero.es\/fr\/politica-privacidad\/#breadcrumb","itemListElement":[{"@type":"ListItem","position":1,"name":"Home","item":"https:\/\/rodrigocantero.es\/fr\/"},{"@type":"ListItem","position":2,"name":"Politique de confidentialit\u00e9"}]},{"@type":"WebSite","@id":"https:\/\/rodrigocantero.es\/fr\/#website","url":"https:\/\/rodrigocantero.es\/fr\/","name":"FQS BATTERY","description":"Energ\u00eda para todo tipo de aplicaciones","publisher":{"@id":"https:\/\/rodrigocantero.es\/fr\/#organization"},"potentialAction":[{"@type":"SearchAction","target":{"@type":"EntryPoint","urlTemplate":"https:\/\/rodrigocantero.es\/fr\/?s={search_term_string}"},"query-input":{"@type":"PropertyValueSpecification","valueRequired":true,"valueName":"search_term_string"}}],"inLanguage":"fr-FR"},{"@type":"Organization","@id":"https:\/\/rodrigocantero.es\/fr\/#organization","name":"FQS BATTERY","url":"https:\/\/rodrigocantero.es\/fr\/","logo":{"@type":"ImageObject","inLanguage":"fr-FR","@id":"https:\/\/rodrigocantero.es\/fr\/#\/schema\/logo\/image\/","url":"https:\/\/rodrigocantero.es\/wp-content\/uploads\/2024\/08\/cropped-fqs-favicon.jpg","contentUrl":"https:\/\/rodrigocantero.es\/wp-content\/uploads\/2024\/08\/cropped-fqs-favicon.jpg","width":512,"height":512,"caption":"FQS BATTERY"},"image":{"@id":"https:\/\/rodrigocantero.es\/fr\/#\/schema\/logo\/image\/"},"sameAs":["https:\/\/www.facebook.com\/fqsbattery\/","https:\/\/www.linkedin.com\/company\/72671029\/","https:\/\/www.instagram.com\/fqsbattery\/"]}]}},"_hostinger_reach_plugin_has_subscription_block":false,"_hostinger_reach_plugin_is_elementor":false,"_links":{"self":[{"href":"https:\/\/rodrigocantero.es\/fr\/wp-json\/wp\/v2\/pages\/9983","targetHints":{"allow":["GET"]}}],"collection":[{"href":"https:\/\/rodrigocantero.es\/fr\/wp-json\/wp\/v2\/pages"}],"about":[{"href":"https:\/\/rodrigocantero.es\/fr\/wp-json\/wp\/v2\/types\/page"}],"author":[{"embeddable":true,"href":"https:\/\/rodrigocantero.es\/fr\/wp-json\/wp\/v2\/users\/3"}],"replies":[{"embeddable":true,"href":"https:\/\/rodrigocantero.es\/fr\/wp-json\/wp\/v2\/comments?post=9983"}],"version-history":[{"count":3,"href":"https:\/\/rodrigocantero.es\/fr\/wp-json\/wp\/v2\/pages\/9983\/revisions"}],"predecessor-version":[{"id":9986,"href":"https:\/\/rodrigocantero.es\/fr\/wp-json\/wp\/v2\/pages\/9983\/revisions\/9986"}],"wp:attachment":[{"href":"https:\/\/rodrigocantero.es\/fr\/wp-json\/wp\/v2\/media?parent=9983"}],"curies":[{"name":"wp","href":"https:\/\/api.w.org\/{rel}","templated":true}]}}