{"id":10128,"date":"2021-03-06T13:45:21","date_gmt":"2021-03-06T13:45:21","guid":{"rendered":"https:\/\/rodrigocantero.es\/politica-privacidad\/"},"modified":"2026-03-03T09:38:20","modified_gmt":"2026-03-03T09:38:20","slug":"politica-privacidad","status":"publish","type":"page","link":"https:\/\/rodrigocantero.es\/pt\/politica-privacidad\/","title":{"rendered":"Pol\u00edtica de Privacidade"},"content":{"rendered":"\t\t<div data-elementor-type=\"wp-page\" data-elementor-id=\"10128\" class=\"elementor elementor-10128 elementor-3\">\n\t\t\t\t<div class=\"elementor-element elementor-element-1888b603 e-flex e-con-boxed e-con e-parent\" data-id=\"1888b603\" data-element_type=\"container\" data-e-type=\"container\">\n\t\t\t\t\t<div class=\"e-con-inner\">\n\t\t\t\t<div class=\"elementor-element elementor-element-8061601 elementor-widget elementor-widget-text-editor\" data-id=\"8061601\" data-element_type=\"widget\" data-e-type=\"widget\" data-widget_type=\"text-editor.default\">\n\t\t\t\t<div class=\"elementor-widget-container\">\n\t\t\t\t\t\t\t\t\t<p style=\"text-align: justify;\"><strong>1. Informa\u00e7\u00e3o para os Utilizadores<\/strong><\/p>\n<p style=\"text-align: justify;\">Na FQS Battery, priorizamos a prote\u00e7\u00e3o dos dados pessoais dos utilizadores que acedem aos nossos servi\u00e7os atrav\u00e9s do nosso website. Em conformidade com o Regulamento (UE) 2016\/679 (RGPD) e a Lei Org\u00e2nica 3\/2018 (LOPDGDD), esta Pol\u00edtica de Privacidade (doravante, \u201cPol\u00edtica\u201d) descreve como a FQS Battery, na qualidade de respons\u00e1vel pelo tratamento, gere os dados pessoais recolhidos no seu website. A finalidade exclusiva da recolha de dados \u00e9 facilitar a presta\u00e7\u00e3o dos nossos servi\u00e7os. Ao aceitar esta Pol\u00edtica, o utilizador consente o tratamento dos seus dados pessoais de acordo com os termos aqui descritos.   <\/p>\n<p style=\"text-align: justify;\"><strong>2. Informa\u00e7\u00e3o de Contacto<\/strong><\/p>\n<ul>\n<li style=\"text-align: justify;\"><strong>Denomina\u00e7\u00e3o Social<\/strong>: Freedom Quality Services S.L.<\/li>\n<li style=\"text-align: justify;\"><strong>NIF<\/strong>: B91870618<\/li>\n<li style=\"text-align: justify;\"><strong>Telefone<\/strong>: 954 518 882<\/li>\n<li style=\"text-align: justify;\"><strong>Morada<\/strong>: Pol\u00edgono Industrial La Negrilla, Calle Laminadora 36, 41016 Sevilha<\/li>\n<li style=\"text-align: justify;\"><strong>E-mail<\/strong>: fqs@fqsbattery.com<\/li>\n<\/ul>\n<p style=\"text-align: justify;\"><strong>3. Finalidades do Tratamento de Dados<\/strong><\/p>\n<p style=\"text-align: justify;\">Os dados pessoais facultados atrav\u00e9s do website ser\u00e3o incorporados num ficheiro da titularidade da FQS Battery, com as seguintes finalidades:<\/p>\n<ul>\n<li style=\"text-align: justify;\">Gerir e responder a pedidos, sugest\u00f5es, coment\u00e1rios ou consultas sobre os nossos servi\u00e7os.<\/li>\n<li style=\"text-align: justify;\">Enviar comunica\u00e7\u00f5es comerciais para oferecer informa\u00e7\u00f5es sobre atividades, novidades e servi\u00e7os de interesse.<\/li>\n<li style=\"text-align: justify;\">Remeter newsletters que possam ser do interesse dos utilizadores.<\/li>\n<li style=\"text-align: justify;\">N\u00e3o ser\u00e3o partilhados dados com terceiros nem se comercializar\u00e1 a informa\u00e7\u00e3o recolhida.<\/li>\n<\/ul>\n<p style=\"text-align: justify;\"><strong>4. Legitima\u00e7\u00e3o do Tratamento<\/strong><\/p>\n<p style=\"text-align: justify;\">A base legal para o tratamento dos dados \u00e9 o consentimento concedido pelos utilizadores ao solicitarem informa\u00e7\u00f5es ou consultas sobre os nossos servi\u00e7os, bem como para o envio de comunica\u00e7\u00f5es comerciais por parte da FQS Battery.<\/p>\n<p style=\"text-align: justify;\"><strong>5. Recolha de Dados<\/strong><\/p>\n<p style=\"text-align: justify;\">A FQS Battery obt\u00e9m dados de car\u00e1ter pessoal atrav\u00e9s dos formul\u00e1rios de contacto no seu website, <a href=\"https:\/\/rodrigocantero.es\/pt\/\" target=\"_new\">www.fqsbattery.com<\/a>. Os dados recolhidos incluem informa\u00e7\u00f5es identificativas e, de forma autom\u00e1tica, dados sobre a sua visita ao website (ver <a href=\"https:\/\/rodrigocantero.es\/politica-cookies\/\">Pol\u00edtica de Cookies<\/a> para mais detalhes). <\/p>\n<p style=\"text-align: justify;\"><strong>6. Conserva\u00e7\u00e3o dos Dados<\/strong><\/p>\n<p style=\"text-align: justify;\">Os dados pessoais ser\u00e3o conservados enquanto forem necess\u00e1rios para as finalidades especificadas. Se um utilizador cancelar os seus contratos ou servi\u00e7os, ter\u00e1 as seguintes op\u00e7\u00f5es: <\/p>\n<ul>\n<li style=\"text-align: justify;\"><strong>Manter o consentimento para a\u00e7\u00f5es comerciais<\/strong>: A informa\u00e7\u00e3o continuar\u00e1 a ser utilizada para comunica\u00e7\u00f5es comerciais se o consentimento n\u00e3o for revogado.<\/li>\n<li style=\"text-align: justify;\"><strong>Revogar o consentimento para a\u00e7\u00f5es comerciais<\/strong>: Em caso de revoga\u00e7\u00e3o, a FQS Battery bloquear\u00e1 os dados, o que implica que n\u00e3o estar\u00e3o dispon\u00edveis exceto para responder a obriga\u00e7\u00f5es legais e atender a eventuais responsabilidades relacionadas com o tratamento de dados. Os dados bloqueados ser\u00e3o conservados durante o prazo estabelecido na legisla\u00e7\u00e3o aplic\u00e1vel e ser\u00e3o eliminados ap\u00f3s o vencimento desse prazo. <\/li>\n<\/ul>\n<p style=\"text-align: justify;\"><strong>7. Destinat\u00e1rios<\/strong><\/p>\n<p style=\"text-align: justify;\">N\u00e3o ser\u00e3o realizadas ced\u00eancias de dados pessoais a terceiros, a menos que exista uma disposi\u00e7\u00e3o legal que o permita ou exija. Tamb\u00e9m n\u00e3o ser\u00e3o realizadas transfer\u00eancias internacionais de dados. <\/p>\n<p style=\"text-align: justify;\"><strong>8. Direitos do Utilizador<\/strong><\/p>\n<p style=\"text-align: justify;\">O utilizador poder\u00e1 exercer, a qualquer momento, os seguintes direitos em rela\u00e7\u00e3o ao tratamento dos seus dados pessoais, contactando a FQS Battery:<\/p>\n<ul>\n<li style=\"text-align: justify;\"><strong>Direito de acesso<\/strong>: Saber que dados pessoais estamos a tratar.<\/li>\n<li style=\"text-align: justify;\"><strong>Direito de retifica\u00e7\u00e3o<\/strong>: Solicitar a modifica\u00e7\u00e3o de dados inexatos ou incompletos.<\/li>\n<li style=\"text-align: justify;\"><strong>Direito de apagamento<\/strong>: Solicitar a elimina\u00e7\u00e3o de dados quando estes j\u00e1 n\u00e3o forem necess\u00e1rios.<\/li>\n<li style=\"text-align: justify;\"><strong>Direito \u00e0 limita\u00e7\u00e3o do tratamento<\/strong>: Restringir o tratamento dos seus dados pessoais sob certas circunst\u00e2ncias.<\/li>\n<li style=\"text-align: justify;\"><strong>Direito de oposi\u00e7\u00e3o<\/strong>: Opor-se ao tratamento dos seus dados para fins espec\u00edficos, como o marketing direto.<\/li>\n<li style=\"text-align: justify;\"><strong>Direito \u00e0 portabilidade dos dados<\/strong>: Receber os seus dados pessoais num formato estruturado e de uso comum.<\/li>\n<\/ul>\n<p style=\"text-align: justify;\">Para o exerc\u00edcio destes direitos, o utilizador poder\u00e1 enviar um pedido para o e-mail fqs@fqsbattery.com ou para a morada indicada no ponto 2 desta Pol\u00edtica.<\/p>\n<p style=\"text-align: justify;\"><strong>9. Altera\u00e7\u00f5es na Pol\u00edtica de Privacidade<\/strong><\/p>\n<p style=\"text-align: justify;\">A FQS Battery reserva-se o direito de atualizar esta Pol\u00edtica de Privacidade a qualquer momento. As atualiza\u00e7\u00f5es ser\u00e3o publicadas neste website e ser\u00e1 comunicado qualquer altera\u00e7\u00e3o significativa que possa afetar a forma como tratamos os dados pessoais dos utilizadores. <\/p>\n\t\t\t\t\t\t\t\t<\/div>\n\t\t\t\t<\/div>\n\t\t\t\t\t<\/div>\n\t\t\t\t<\/div>\n\t\t\t\t<\/div>\n\t\t","protected":false},"excerpt":{"rendered":"<p>1. Informa\u00e7\u00e3o para os Utilizadores Na FQS Battery, priorizamos a prote\u00e7\u00e3o dos dados pessoais dos utilizadores que acedem aos nossos servi\u00e7os atrav\u00e9s do nosso website. Em conformidade com o Regulamento (UE) 2016\/679 (RGPD) e a Lei Org\u00e2nica 3\/2018 (LOPDGDD), esta&hellip;<\/p>\n","protected":false},"author":3,"featured_media":0,"parent":0,"menu_order":0,"comment_status":"closed","ping_status":"closed","template":"","meta":{"footnotes":""},"class_list":["post-10128","page","type-page","status-publish","hentry"],"yoast_head":"<!-- This site is optimized with the Yoast SEO plugin v27.2 - https:\/\/yoast.com\/product\/yoast-seo-wordpress\/ -->\n<title>Pol\u00edtica de Privacidade - FQS BATTERY<\/title>\n<meta name=\"robots\" content=\"index, follow, max-snippet:-1, max-image-preview:large, max-video-preview:-1\" \/>\n<link rel=\"canonical\" href=\"https:\/\/rodrigocantero.es\/pt\/politica-privacidad\/\" \/>\n<meta property=\"og:locale\" content=\"pt_PT\" \/>\n<meta property=\"og:type\" content=\"article\" \/>\n<meta property=\"og:title\" content=\"Pol\u00edtica de Privacidade - FQS BATTERY\" \/>\n<meta property=\"og:description\" content=\"1. Informa\u00e7\u00e3o para os Utilizadores Na FQS Battery, priorizamos a prote\u00e7\u00e3o dos dados pessoais dos utilizadores que acedem aos nossos servi\u00e7os atrav\u00e9s do nosso website. Em conformidade com o Regulamento (UE) 2016\/679 (RGPD) e a Lei Org\u00e2nica 3\/2018 (LOPDGDD), esta&hellip;\" \/>\n<meta property=\"og:url\" content=\"https:\/\/rodrigocantero.es\/pt\/politica-privacidad\/\" \/>\n<meta property=\"og:site_name\" content=\"FQS BATTERY\" \/>\n<meta property=\"article:publisher\" content=\"https:\/\/www.facebook.com\/fqsbattery\/\" \/>\n<meta property=\"article:modified_time\" content=\"2026-03-03T09:38:20+00:00\" \/>\n<meta property=\"og:image\" content=\"https:\/\/rodrigocantero.es\/wp-content\/uploads\/2024\/10\/WEB.jpg\" \/>\n\t<meta property=\"og:image:width\" content=\"1200\" \/>\n\t<meta property=\"og:image:height\" content=\"675\" \/>\n\t<meta property=\"og:image:type\" content=\"image\/jpeg\" \/>\n<meta name=\"twitter:card\" content=\"summary_large_image\" \/>\n<meta name=\"twitter:label1\" content=\"Tempo estimado de leitura\" \/>\n\t<meta name=\"twitter:data1\" content=\"3 minutos\" \/>\n<script type=\"application\/ld+json\" class=\"yoast-schema-graph\">{\"@context\":\"https:\/\/schema.org\",\"@graph\":[{\"@type\":\"WebPage\",\"@id\":\"https:\/\/rodrigocantero.es\/pt\/politica-privacidad\/\",\"url\":\"https:\/\/rodrigocantero.es\/pt\/politica-privacidad\/\",\"name\":\"Pol\u00edtica de Privacidade - FQS BATTERY\",\"isPartOf\":{\"@id\":\"https:\/\/rodrigocantero.es\/pt\/#website\"},\"datePublished\":\"2021-03-06T13:45:21+00:00\",\"dateModified\":\"2026-03-03T09:38:20+00:00\",\"breadcrumb\":{\"@id\":\"https:\/\/rodrigocantero.es\/pt\/politica-privacidad\/#breadcrumb\"},\"inLanguage\":\"pt-PT\",\"potentialAction\":[{\"@type\":\"ReadAction\",\"target\":[\"https:\/\/rodrigocantero.es\/pt\/politica-privacidad\/\"]}]},{\"@type\":\"BreadcrumbList\",\"@id\":\"https:\/\/rodrigocantero.es\/pt\/politica-privacidad\/#breadcrumb\",\"itemListElement\":[{\"@type\":\"ListItem\",\"position\":1,\"name\":\"Home\",\"item\":\"https:\/\/rodrigocantero.es\/pt\/\"},{\"@type\":\"ListItem\",\"position\":2,\"name\":\"Pol\u00edtica de Privacidade\"}]},{\"@type\":\"WebSite\",\"@id\":\"https:\/\/rodrigocantero.es\/pt\/#website\",\"url\":\"https:\/\/rodrigocantero.es\/pt\/\",\"name\":\"FQS BATTERY\",\"description\":\"Energ\u00eda para todo tipo de aplicaciones\",\"publisher\":{\"@id\":\"https:\/\/rodrigocantero.es\/pt\/#organization\"},\"potentialAction\":[{\"@type\":\"SearchAction\",\"target\":{\"@type\":\"EntryPoint\",\"urlTemplate\":\"https:\/\/rodrigocantero.es\/pt\/?s={search_term_string}\"},\"query-input\":{\"@type\":\"PropertyValueSpecification\",\"valueRequired\":true,\"valueName\":\"search_term_string\"}}],\"inLanguage\":\"pt-PT\"},{\"@type\":\"Organization\",\"@id\":\"https:\/\/rodrigocantero.es\/pt\/#organization\",\"name\":\"FQS BATTERY\",\"url\":\"https:\/\/rodrigocantero.es\/pt\/\",\"logo\":{\"@type\":\"ImageObject\",\"inLanguage\":\"pt-PT\",\"@id\":\"https:\/\/rodrigocantero.es\/pt\/#\/schema\/logo\/image\/\",\"url\":\"https:\/\/rodrigocantero.es\/wp-content\/uploads\/2024\/08\/cropped-fqs-favicon.jpg\",\"contentUrl\":\"https:\/\/rodrigocantero.es\/wp-content\/uploads\/2024\/08\/cropped-fqs-favicon.jpg\",\"width\":512,\"height\":512,\"caption\":\"FQS BATTERY\"},\"image\":{\"@id\":\"https:\/\/rodrigocantero.es\/pt\/#\/schema\/logo\/image\/\"},\"sameAs\":[\"https:\/\/www.facebook.com\/fqsbattery\/\",\"https:\/\/www.linkedin.com\/company\/72671029\/\",\"https:\/\/www.instagram.com\/fqsbattery\/\"]}]}<\/script>\n<!-- \/ Yoast SEO plugin. -->","yoast_head_json":{"title":"Pol\u00edtica de Privacidade - FQS BATTERY","robots":{"index":"index","follow":"follow","max-snippet":"max-snippet:-1","max-image-preview":"max-image-preview:large","max-video-preview":"max-video-preview:-1"},"canonical":"https:\/\/rodrigocantero.es\/pt\/politica-privacidad\/","og_locale":"pt_PT","og_type":"article","og_title":"Pol\u00edtica de Privacidade - FQS BATTERY","og_description":"1. Informa\u00e7\u00e3o para os Utilizadores Na FQS Battery, priorizamos a prote\u00e7\u00e3o dos dados pessoais dos utilizadores que acedem aos nossos servi\u00e7os atrav\u00e9s do nosso website. Em conformidade com o Regulamento (UE) 2016\/679 (RGPD) e a Lei Org\u00e2nica 3\/2018 (LOPDGDD), esta&hellip;","og_url":"https:\/\/rodrigocantero.es\/pt\/politica-privacidad\/","og_site_name":"FQS BATTERY","article_publisher":"https:\/\/www.facebook.com\/fqsbattery\/","article_modified_time":"2026-03-03T09:38:20+00:00","og_image":[{"width":1200,"height":675,"url":"https:\/\/rodrigocantero.es\/wp-content\/uploads\/2024\/10\/WEB.jpg","type":"image\/jpeg"}],"twitter_card":"summary_large_image","twitter_misc":{"Tempo estimado de leitura":"3 minutos"},"schema":{"@context":"https:\/\/schema.org","@graph":[{"@type":"WebPage","@id":"https:\/\/rodrigocantero.es\/pt\/politica-privacidad\/","url":"https:\/\/rodrigocantero.es\/pt\/politica-privacidad\/","name":"Pol\u00edtica de Privacidade - FQS BATTERY","isPartOf":{"@id":"https:\/\/rodrigocantero.es\/pt\/#website"},"datePublished":"2021-03-06T13:45:21+00:00","dateModified":"2026-03-03T09:38:20+00:00","breadcrumb":{"@id":"https:\/\/rodrigocantero.es\/pt\/politica-privacidad\/#breadcrumb"},"inLanguage":"pt-PT","potentialAction":[{"@type":"ReadAction","target":["https:\/\/rodrigocantero.es\/pt\/politica-privacidad\/"]}]},{"@type":"BreadcrumbList","@id":"https:\/\/rodrigocantero.es\/pt\/politica-privacidad\/#breadcrumb","itemListElement":[{"@type":"ListItem","position":1,"name":"Home","item":"https:\/\/rodrigocantero.es\/pt\/"},{"@type":"ListItem","position":2,"name":"Pol\u00edtica de Privacidade"}]},{"@type":"WebSite","@id":"https:\/\/rodrigocantero.es\/pt\/#website","url":"https:\/\/rodrigocantero.es\/pt\/","name":"FQS BATTERY","description":"Energ\u00eda para todo tipo de aplicaciones","publisher":{"@id":"https:\/\/rodrigocantero.es\/pt\/#organization"},"potentialAction":[{"@type":"SearchAction","target":{"@type":"EntryPoint","urlTemplate":"https:\/\/rodrigocantero.es\/pt\/?s={search_term_string}"},"query-input":{"@type":"PropertyValueSpecification","valueRequired":true,"valueName":"search_term_string"}}],"inLanguage":"pt-PT"},{"@type":"Organization","@id":"https:\/\/rodrigocantero.es\/pt\/#organization","name":"FQS BATTERY","url":"https:\/\/rodrigocantero.es\/pt\/","logo":{"@type":"ImageObject","inLanguage":"pt-PT","@id":"https:\/\/rodrigocantero.es\/pt\/#\/schema\/logo\/image\/","url":"https:\/\/rodrigocantero.es\/wp-content\/uploads\/2024\/08\/cropped-fqs-favicon.jpg","contentUrl":"https:\/\/rodrigocantero.es\/wp-content\/uploads\/2024\/08\/cropped-fqs-favicon.jpg","width":512,"height":512,"caption":"FQS BATTERY"},"image":{"@id":"https:\/\/rodrigocantero.es\/pt\/#\/schema\/logo\/image\/"},"sameAs":["https:\/\/www.facebook.com\/fqsbattery\/","https:\/\/www.linkedin.com\/company\/72671029\/","https:\/\/www.instagram.com\/fqsbattery\/"]}]}},"_hostinger_reach_plugin_has_subscription_block":false,"_hostinger_reach_plugin_is_elementor":false,"_links":{"self":[{"href":"https:\/\/rodrigocantero.es\/pt\/wp-json\/wp\/v2\/pages\/10128","targetHints":{"allow":["GET"]}}],"collection":[{"href":"https:\/\/rodrigocantero.es\/pt\/wp-json\/wp\/v2\/pages"}],"about":[{"href":"https:\/\/rodrigocantero.es\/pt\/wp-json\/wp\/v2\/types\/page"}],"author":[{"embeddable":true,"href":"https:\/\/rodrigocantero.es\/pt\/wp-json\/wp\/v2\/users\/3"}],"replies":[{"embeddable":true,"href":"https:\/\/rodrigocantero.es\/pt\/wp-json\/wp\/v2\/comments?post=10128"}],"version-history":[{"count":7,"href":"https:\/\/rodrigocantero.es\/pt\/wp-json\/wp\/v2\/pages\/10128\/revisions"}],"predecessor-version":[{"id":10135,"href":"https:\/\/rodrigocantero.es\/pt\/wp-json\/wp\/v2\/pages\/10128\/revisions\/10135"}],"wp:attachment":[{"href":"https:\/\/rodrigocantero.es\/pt\/wp-json\/wp\/v2\/media?parent=10128"}],"curies":[{"name":"wp","href":"https:\/\/api.w.org\/{rel}","templated":true}]}}