{"id":10178,"date":"2024-11-06T09:05:49","date_gmt":"2024-11-06T09:05:49","guid":{"rendered":"https:\/\/rodrigocantero.es\/politica-cookies\/"},"modified":"2026-03-03T09:39:46","modified_gmt":"2026-03-03T09:39:46","slug":"politica-cookies","status":"publish","type":"page","link":"https:\/\/rodrigocantero.es\/pt\/politica-cookies\/","title":{"rendered":"Pol\u00edtica de cookies"},"content":{"rendered":"\t\t<div data-elementor-type=\"wp-page\" data-elementor-id=\"10178\" class=\"elementor elementor-10178 elementor-4673\">\n\t\t\t\t<div class=\"elementor-element elementor-element-1888b603 e-flex e-con-boxed e-con e-parent\" data-id=\"1888b603\" data-element_type=\"container\" data-e-type=\"container\">\n\t\t\t\t\t<div class=\"e-con-inner\">\n\t\t\t\t<div class=\"elementor-element elementor-element-8061601 elementor-widget elementor-widget-text-editor\" data-id=\"8061601\" data-element_type=\"widget\" data-e-type=\"widget\" data-widget_type=\"text-editor.default\">\n\t\t\t\t<div class=\"elementor-widget-container\">\n\t\t\t\t\t\t\t\t\t<p style=\"text-align: justify;\">No website da FQS Battery (fqsbattery.com), utilizamos cookies para otimizar a sua experi\u00eancia e personalizar o conte\u00fado que lhe disponibilizamos. De seguida, explicamos o que s\u00e3o cookies, que tipos de cookies utilizamos e como pode geri-las. <\/p>\n<p style=\"text-align: justify;\"><strong>1. O que s\u00e3o Cookies?<\/strong><\/p>\n<p style=\"text-align: justify;\">As cookies s\u00e3o pequenos ficheiros de texto que s\u00e3o armazenados no seu dispositivo quando visita uma p\u00e1gina web. Estes ficheiros cont\u00eam informa\u00e7\u00e3o que permite ao website recordar as suas prefer\u00eancias ou atividades anteriores. As cookies melhoram a experi\u00eancia do utilizador ao facilitar a navega\u00e7\u00e3o e personalizar o conte\u00fado apresentado.  <\/p>\n<p style=\"text-align: justify;\"><strong>2. Tipos de Cookies que Utilizamos<\/strong><\/p>\n<p style=\"text-align: justify;\">Em fqsbattery.com utilizamos os seguintes tipos de cookies:<\/p>\n<ul style=\"text-align: justify;\">\n<li>\n<p><strong>Cookies T\u00e9cnicas ou Necess\u00e1rias<\/strong>: Estas cookies s\u00e3o essenciais para o funcionamento do website e permitem o acesso a servi\u00e7os b\u00e1sicos, como a navega\u00e7\u00e3o em \u00e1reas seguras da p\u00e1gina. Sem elas, o website n\u00e3o pode funcionar corretamente. <\/p>\n<\/li>\n<li>\n<p><strong>Cookies de Prefer\u00eancias ou Personaliza\u00e7\u00e3o<\/strong>: Permitem recordar as prefer\u00eancias de navega\u00e7\u00e3o do utilizador, como o idioma ou a regi\u00e3o, para oferecer uma experi\u00eancia personalizada em visitas futuras.<\/p>\n<\/li>\n<li>\n<p><strong>Cookies de An\u00e1lise ou Estat\u00edsticas<\/strong>: Estas cookies recolhem informa\u00e7\u00e3o sobre como os utilizadores interagem com o nosso website, como as p\u00e1ginas visitadas ou o tempo de perman\u00eancia. Esta informa\u00e7\u00e3o ajuda-nos a melhorar o conte\u00fado e a estrutura do nosso website. <\/p>\n<\/li>\n<li>\n<p><strong>Cookies de Marketing ou Publicidade<\/strong>: Ajudam-nos a apresentar an\u00fancios relevantes para o utilizador e a medir a efic\u00e1cia das nossas campanhas de marketing. No entanto, fqsbattery.com n\u00e3o partilha informa\u00e7\u00e3o recolhida atrav\u00e9s de cookies com terceiros nem utiliza os dados para fins de marketing sem o consentimento pr\u00e9vio do utilizador. <\/p>\n<\/li>\n<\/ul>\n<p style=\"text-align: justify;\"><strong>3. Gest\u00e3o e Desativa\u00e7\u00e3o de Cookies<\/strong><\/p>\n<p style=\"text-align: justify;\">Pode aceitar ou rejeitar as cookies do nosso website atrav\u00e9s do banner de cookies que aparece ao aceder \u00e0 p\u00e1gina. Do mesmo modo, pode configurar o seu navegador para gerir, desativar ou eliminar cookies a qualquer momento. De seguida, indicamos como o fazer nos navegadores mais comuns:  <\/p>\n<ul style=\"text-align: justify;\">\n<li><strong>Google Chrome<\/strong>: <a target=\"_new\" rel=\"noopener\">Configura\u00e7\u00e3o de cookies no Chrome<\/a>.<\/li>\n<li><strong>Mozilla Firefox<\/strong>: <a href=\"https:\/\/support.mozilla.org\/es\/kb\/habilitar-y-deshabilitar-cookies-sitios-web-rastrear-preferencias\" target=\"_new\" rel=\"noopener\">Configura\u00e7\u00e3o de cookies no Firefox<\/a>.<\/li>\n<li><strong>Microsoft Edge<\/strong>: <a href=\"https:\/\/support.microsoft.com\/es-es\/microsoft-edge\/borrar-y-administrar-cookies\" target=\"_new\" rel=\"noopener\">Configura\u00e7\u00e3o de cookies no Edge<\/a>.<\/li>\n<li><strong>Safari<\/strong>: <a href=\"https:\/\/support.apple.com\/es-es\/guide\/safari\/sfri11471\/mac\" target=\"_new\" rel=\"noopener\">Configura\u00e7\u00e3o de cookies no Safari<\/a>.<\/li>\n<\/ul>\n<p style=\"text-align: justify;\">Tenha em conta que, se decidir bloquear ou desativar algumas cookies, \u00e9 poss\u00edvel que certas funcionalidades do nosso website n\u00e3o estejam dispon\u00edveis ou n\u00e3o funcionem corretamente.<\/p>\n<p style=\"text-align: justify;\"><strong>4. Atualiza\u00e7\u00e3o da Pol\u00edtica de Cookies<\/strong><\/p>\n<p style=\"text-align: justify;\">Podemos atualizar esta Pol\u00edtica de Cookies a qualquer momento em fun\u00e7\u00e3o de altera\u00e7\u00f5es na nossa utiliza\u00e7\u00e3o de cookies, nas nossas pol\u00edticas internas ou na regulamenta\u00e7\u00e3o aplic\u00e1vel. Qualquer altera\u00e7\u00e3o ser\u00e1 publicada nesta mesma p\u00e1gina e os utilizadores ser\u00e3o notificados atrav\u00e9s de um aviso no nosso website. <\/p>\n<p style=\"text-align: justify;\"><strong>5. Contacto<\/strong><\/p>\n<p style=\"text-align: justify;\">Se tiver d\u00favidas ou quest\u00f5es sobre a nossa Pol\u00edtica de Cookies, pode contactar-nos em:<\/p>\n<ul style=\"text-align: justify;\">\n<li><strong>E-mail<\/strong>: <a rel=\"noopener\">fqs@fqsbattery.com<\/a><\/li>\n<li><strong>Telefone<\/strong>: 954 518 882<\/li>\n<li><strong>Morada<\/strong>: Pol\u00edgono Industrial La Negrilla, Calle Laminadora 36, 41016 Sevilha<\/li>\n<\/ul>\n<p style=\"text-align: justify;\"><strong>\u00daltima atualiza\u00e7\u00e3o<\/strong>: 07\/11\/2024<\/p>\n\t\t\t\t\t\t\t\t<\/div>\n\t\t\t\t<\/div>\n\t\t\t\t\t<\/div>\n\t\t\t\t<\/div>\n\t\t\t\t<\/div>\n\t\t","protected":false},"excerpt":{"rendered":"<p>No website da FQS Battery (fqsbattery.com), utilizamos cookies para otimizar a sua experi\u00eancia e personalizar o conte\u00fado que lhe disponibilizamos. De seguida, explicamos o que s\u00e3o cookies, que tipos de cookies utilizamos e como pode geri-las. 1. O que s\u00e3o&hellip;<\/p>\n","protected":false},"author":3,"featured_media":0,"parent":0,"menu_order":0,"comment_status":"closed","ping_status":"closed","template":"","meta":{"footnotes":""},"class_list":["post-10178","page","type-page","status-publish","hentry"],"yoast_head":"<!-- This site is optimized with the Yoast SEO plugin v27.2 - https:\/\/yoast.com\/product\/yoast-seo-wordpress\/ -->\n<title>Pol\u00edtica de cookies - FQS BATTERY<\/title>\n<meta name=\"robots\" content=\"index, follow, max-snippet:-1, max-image-preview:large, max-video-preview:-1\" \/>\n<link rel=\"canonical\" href=\"https:\/\/rodrigocantero.es\/pt\/politica-cookies\/\" \/>\n<meta property=\"og:locale\" content=\"pt_PT\" \/>\n<meta property=\"og:type\" content=\"article\" \/>\n<meta property=\"og:title\" content=\"Pol\u00edtica de cookies - FQS BATTERY\" \/>\n<meta property=\"og:description\" content=\"No website da FQS Battery (fqsbattery.com), utilizamos cookies para otimizar a sua experi\u00eancia e personalizar o conte\u00fado que lhe disponibilizamos. De seguida, explicamos o que s\u00e3o cookies, que tipos de cookies utilizamos e como pode geri-las. 1. O que s\u00e3o&hellip;\" \/>\n<meta property=\"og:url\" content=\"https:\/\/rodrigocantero.es\/pt\/politica-cookies\/\" \/>\n<meta property=\"og:site_name\" content=\"FQS BATTERY\" \/>\n<meta property=\"article:publisher\" content=\"https:\/\/www.facebook.com\/fqsbattery\/\" \/>\n<meta property=\"article:modified_time\" content=\"2026-03-03T09:39:46+00:00\" \/>\n<meta property=\"og:image\" content=\"https:\/\/rodrigocantero.es\/wp-content\/uploads\/2024\/10\/WEB.jpg\" \/>\n\t<meta property=\"og:image:width\" content=\"1200\" \/>\n\t<meta property=\"og:image:height\" content=\"675\" \/>\n\t<meta property=\"og:image:type\" content=\"image\/jpeg\" \/>\n<meta name=\"twitter:card\" content=\"summary_large_image\" \/>\n<meta name=\"twitter:label1\" content=\"Tempo estimado de leitura\" \/>\n\t<meta name=\"twitter:data1\" content=\"3 minutos\" \/>\n<script type=\"application\/ld+json\" class=\"yoast-schema-graph\">{\"@context\":\"https:\/\/schema.org\",\"@graph\":[{\"@type\":\"WebPage\",\"@id\":\"https:\/\/rodrigocantero.es\/pt\/politica-cookies\/\",\"url\":\"https:\/\/rodrigocantero.es\/pt\/politica-cookies\/\",\"name\":\"Pol\u00edtica de cookies - FQS BATTERY\",\"isPartOf\":{\"@id\":\"https:\/\/rodrigocantero.es\/pt\/#website\"},\"datePublished\":\"2024-11-06T09:05:49+00:00\",\"dateModified\":\"2026-03-03T09:39:46+00:00\",\"breadcrumb\":{\"@id\":\"https:\/\/rodrigocantero.es\/pt\/politica-cookies\/#breadcrumb\"},\"inLanguage\":\"pt-PT\",\"potentialAction\":[{\"@type\":\"ReadAction\",\"target\":[\"https:\/\/rodrigocantero.es\/pt\/politica-cookies\/\"]}]},{\"@type\":\"BreadcrumbList\",\"@id\":\"https:\/\/rodrigocantero.es\/pt\/politica-cookies\/#breadcrumb\",\"itemListElement\":[{\"@type\":\"ListItem\",\"position\":1,\"name\":\"Home\",\"item\":\"https:\/\/rodrigocantero.es\/pt\/\"},{\"@type\":\"ListItem\",\"position\":2,\"name\":\"Pol\u00edtica de cookies\"}]},{\"@type\":\"WebSite\",\"@id\":\"https:\/\/rodrigocantero.es\/pt\/#website\",\"url\":\"https:\/\/rodrigocantero.es\/pt\/\",\"name\":\"FQS BATTERY\",\"description\":\"Energ\u00eda para todo tipo de aplicaciones\",\"publisher\":{\"@id\":\"https:\/\/rodrigocantero.es\/pt\/#organization\"},\"potentialAction\":[{\"@type\":\"SearchAction\",\"target\":{\"@type\":\"EntryPoint\",\"urlTemplate\":\"https:\/\/rodrigocantero.es\/pt\/?s={search_term_string}\"},\"query-input\":{\"@type\":\"PropertyValueSpecification\",\"valueRequired\":true,\"valueName\":\"search_term_string\"}}],\"inLanguage\":\"pt-PT\"},{\"@type\":\"Organization\",\"@id\":\"https:\/\/rodrigocantero.es\/pt\/#organization\",\"name\":\"FQS BATTERY\",\"url\":\"https:\/\/rodrigocantero.es\/pt\/\",\"logo\":{\"@type\":\"ImageObject\",\"inLanguage\":\"pt-PT\",\"@id\":\"https:\/\/rodrigocantero.es\/pt\/#\/schema\/logo\/image\/\",\"url\":\"https:\/\/rodrigocantero.es\/wp-content\/uploads\/2024\/08\/cropped-fqs-favicon.jpg\",\"contentUrl\":\"https:\/\/rodrigocantero.es\/wp-content\/uploads\/2024\/08\/cropped-fqs-favicon.jpg\",\"width\":512,\"height\":512,\"caption\":\"FQS BATTERY\"},\"image\":{\"@id\":\"https:\/\/rodrigocantero.es\/pt\/#\/schema\/logo\/image\/\"},\"sameAs\":[\"https:\/\/www.facebook.com\/fqsbattery\/\",\"https:\/\/www.linkedin.com\/company\/72671029\/\",\"https:\/\/www.instagram.com\/fqsbattery\/\"]}]}<\/script>\n<!-- \/ Yoast SEO plugin. -->","yoast_head_json":{"title":"Pol\u00edtica de cookies - FQS BATTERY","robots":{"index":"index","follow":"follow","max-snippet":"max-snippet:-1","max-image-preview":"max-image-preview:large","max-video-preview":"max-video-preview:-1"},"canonical":"https:\/\/rodrigocantero.es\/pt\/politica-cookies\/","og_locale":"pt_PT","og_type":"article","og_title":"Pol\u00edtica de cookies - FQS BATTERY","og_description":"No website da FQS Battery (fqsbattery.com), utilizamos cookies para otimizar a sua experi\u00eancia e personalizar o conte\u00fado que lhe disponibilizamos. De seguida, explicamos o que s\u00e3o cookies, que tipos de cookies utilizamos e como pode geri-las. 1. O que s\u00e3o&hellip;","og_url":"https:\/\/rodrigocantero.es\/pt\/politica-cookies\/","og_site_name":"FQS BATTERY","article_publisher":"https:\/\/www.facebook.com\/fqsbattery\/","article_modified_time":"2026-03-03T09:39:46+00:00","og_image":[{"width":1200,"height":675,"url":"https:\/\/rodrigocantero.es\/wp-content\/uploads\/2024\/10\/WEB.jpg","type":"image\/jpeg"}],"twitter_card":"summary_large_image","twitter_misc":{"Tempo estimado de leitura":"3 minutos"},"schema":{"@context":"https:\/\/schema.org","@graph":[{"@type":"WebPage","@id":"https:\/\/rodrigocantero.es\/pt\/politica-cookies\/","url":"https:\/\/rodrigocantero.es\/pt\/politica-cookies\/","name":"Pol\u00edtica de cookies - FQS BATTERY","isPartOf":{"@id":"https:\/\/rodrigocantero.es\/pt\/#website"},"datePublished":"2024-11-06T09:05:49+00:00","dateModified":"2026-03-03T09:39:46+00:00","breadcrumb":{"@id":"https:\/\/rodrigocantero.es\/pt\/politica-cookies\/#breadcrumb"},"inLanguage":"pt-PT","potentialAction":[{"@type":"ReadAction","target":["https:\/\/rodrigocantero.es\/pt\/politica-cookies\/"]}]},{"@type":"BreadcrumbList","@id":"https:\/\/rodrigocantero.es\/pt\/politica-cookies\/#breadcrumb","itemListElement":[{"@type":"ListItem","position":1,"name":"Home","item":"https:\/\/rodrigocantero.es\/pt\/"},{"@type":"ListItem","position":2,"name":"Pol\u00edtica de cookies"}]},{"@type":"WebSite","@id":"https:\/\/rodrigocantero.es\/pt\/#website","url":"https:\/\/rodrigocantero.es\/pt\/","name":"FQS BATTERY","description":"Energ\u00eda para todo tipo de aplicaciones","publisher":{"@id":"https:\/\/rodrigocantero.es\/pt\/#organization"},"potentialAction":[{"@type":"SearchAction","target":{"@type":"EntryPoint","urlTemplate":"https:\/\/rodrigocantero.es\/pt\/?s={search_term_string}"},"query-input":{"@type":"PropertyValueSpecification","valueRequired":true,"valueName":"search_term_string"}}],"inLanguage":"pt-PT"},{"@type":"Organization","@id":"https:\/\/rodrigocantero.es\/pt\/#organization","name":"FQS BATTERY","url":"https:\/\/rodrigocantero.es\/pt\/","logo":{"@type":"ImageObject","inLanguage":"pt-PT","@id":"https:\/\/rodrigocantero.es\/pt\/#\/schema\/logo\/image\/","url":"https:\/\/rodrigocantero.es\/wp-content\/uploads\/2024\/08\/cropped-fqs-favicon.jpg","contentUrl":"https:\/\/rodrigocantero.es\/wp-content\/uploads\/2024\/08\/cropped-fqs-favicon.jpg","width":512,"height":512,"caption":"FQS BATTERY"},"image":{"@id":"https:\/\/rodrigocantero.es\/pt\/#\/schema\/logo\/image\/"},"sameAs":["https:\/\/www.facebook.com\/fqsbattery\/","https:\/\/www.linkedin.com\/company\/72671029\/","https:\/\/www.instagram.com\/fqsbattery\/"]}]}},"_hostinger_reach_plugin_has_subscription_block":false,"_hostinger_reach_plugin_is_elementor":false,"_links":{"self":[{"href":"https:\/\/rodrigocantero.es\/pt\/wp-json\/wp\/v2\/pages\/10178","targetHints":{"allow":["GET"]}}],"collection":[{"href":"https:\/\/rodrigocantero.es\/pt\/wp-json\/wp\/v2\/pages"}],"about":[{"href":"https:\/\/rodrigocantero.es\/pt\/wp-json\/wp\/v2\/types\/page"}],"author":[{"embeddable":true,"href":"https:\/\/rodrigocantero.es\/pt\/wp-json\/wp\/v2\/users\/3"}],"replies":[{"embeddable":true,"href":"https:\/\/rodrigocantero.es\/pt\/wp-json\/wp\/v2\/comments?post=10178"}],"version-history":[{"count":3,"href":"https:\/\/rodrigocantero.es\/pt\/wp-json\/wp\/v2\/pages\/10178\/revisions"}],"predecessor-version":[{"id":10181,"href":"https:\/\/rodrigocantero.es\/pt\/wp-json\/wp\/v2\/pages\/10178\/revisions\/10181"}],"wp:attachment":[{"href":"https:\/\/rodrigocantero.es\/pt\/wp-json\/wp\/v2\/media?parent=10178"}],"curies":[{"name":"wp","href":"https:\/\/api.w.org\/{rel}","templated":true}]}}